{"id":794,"date":"2025-09-01T03:07:32","date_gmt":"2025-09-01T00:07:32","guid":{"rendered":"https:\/\/mtenerji.com.tr\/teklif-al\/"},"modified":"2025-11-19T01:50:33","modified_gmt":"2025-11-18T22:50:33","slug":"get-a-quote","status":"publish","type":"page","link":"https:\/\/mtenerji.com.tr\/en\/get-a-quote\/","title":{"rendered":"Get a Quote"},"content":{"rendered":"\t\t<div data-elementor-type=\"wp-page\" data-elementor-id=\"794\" class=\"elementor elementor-794 elementor-235\" data-elementor-post-type=\"page\">\n\t\t\t\t\t\t<section class=\"elementor-section elementor-top-section elementor-element elementor-element-ca0dc8e elementor-section-boxed elementor-section-height-default elementor-section-height-default\" data-id=\"ca0dc8e\" data-element_type=\"section\">\n\t\t\t\t\t\t<div class=\"elementor-container elementor-column-gap-default\">\n\t\t\t\t\t<div class=\"elementor-column elementor-col-100 elementor-top-column elementor-element elementor-element-e9e16b7\" data-id=\"e9e16b7\" data-element_type=\"column\">\n\t\t\t<div class=\"elementor-widget-wrap elementor-element-populated\">\n\t\t\t\t\t\t<div class=\"elementor-element elementor-element-45e37ec elementor-widget elementor-widget-elementskit-breadcrumb\" data-id=\"45e37ec\" data-element_type=\"widget\" data-widget_type=\"elementskit-breadcrumb.default\">\n\t\t\t\t<div class=\"elementor-widget-container\">\n\t\t\t\t\t<div class=\"ekit-wid-con\" ><ol class=\"ekit-breadcrumb\"><li class=\"ekit_breadcrumbs_start\"><a href=\"https:\/\/mtenerji.com.tr\/en\/\">Home<\/a><\/li> <li class=\"brd_sep\"> &raquo; <\/li>  <li>Get a Quote<\/li><\/ol><\/div>\t\t\t\t<\/div>\n\t\t\t\t<\/div>\n\t\t\t\t\t<\/div>\n\t\t<\/div>\n\t\t\t\t\t<\/div>\n\t\t<\/section>\n\t\t\t\t<section class=\"elementor-section elementor-top-section elementor-element elementor-element-2049855 elementor-section-boxed elementor-section-height-default elementor-section-height-default\" data-id=\"2049855\" data-element_type=\"section\">\n\t\t\t\t\t\t<div class=\"elementor-container elementor-column-gap-default\">\n\t\t\t\t\t<div class=\"elementor-column elementor-col-100 elementor-top-column elementor-element elementor-element-eb86587\" data-id=\"eb86587\" data-element_type=\"column\" data-settings=\"{&quot;background_background&quot;:&quot;classic&quot;}\">\n\t\t\t<div class=\"elementor-widget-wrap elementor-element-populated\">\n\t\t\t\t\t\t<div class=\"elementor-element elementor-element-029443f elementor-widget elementor-widget-text-editor\" data-id=\"029443f\" data-element_type=\"widget\" data-widget_type=\"text-editor.default\">\n\t\t\t\t\t\t\t\t\t<p>Fill out the form below and our engineering team will prepare your quote, including a technical selection table + price\/delivery date, within 24 hours.<\/p>\t\t\t\t\t\t\t\t<\/div>\n\t\t\t\t<div class=\"elementor-element elementor-element-2768286 elementor-widget elementor-widget-shortcode\" data-id=\"2768286\" data-element_type=\"widget\" data-widget_type=\"shortcode.default\">\n\t\t\t\t\t\t\t<div class=\"elementor-shortcode\">        <form class=\"wins-teklif-form\" method=\"post\" enctype=\"multipart\/form-data\" novalidate data-lang=\"en\">\r\n            <input type=\"hidden\" id=\"wins_teklif_nonce\" name=\"wins_teklif_nonce\" value=\"5801073e3e\" \/><input type=\"hidden\" name=\"_wp_http_referer\" value=\"\/en\/wp-json\/wp\/v2\/pages\/794\" \/>            <input type=\"text\" name=\"company_website\" class=\"wins-hp\" autocomplete=\"off\" tabindex=\"-1\" aria-hidden=\"true\">\r\n            <input type=\"hidden\" name=\"wins_lang\" value=\"en\">\r\n            <input type=\"hidden\" name=\"wins_source_url\" value=\"https:\/\/mtenerji.com.tr\/en\/\">\r\n            <input type=\"hidden\" name=\"wins_source_title\" value=\"MT Enerji \u0130letim Hatlar\u0131 &amp; Al\u00fcminyum D\u00f6k\u00fcm\">\r\n\r\n            <h3>1. Company Information<\/h3>\r\n            <div class=\"grid\">\r\n                <label>Company Name*<input type=\"text\" name=\"firma_adi\" required><\/label>\r\n                <label>Contact Person*<input type=\"text\" name=\"yetkili\" required><\/label>\r\n                <label>Phone*<input type=\"tel\" name=\"telefon\" required><\/label>\r\n                <label>E-mail*<input type=\"email\" name=\"eposta\" required><\/label>\r\n            <\/div>\r\n            <label>Address<textarea name=\"adres\" rows=\"2\"><\/textarea><\/label>\r\n\r\n            <h3>2. Mould Status<\/h3>\r\n            <div class=\"grid grid-3\">\r\n                <label class=\"yesno\"><span>Mould available at customer<\/span>\r\n            <span class=\"yn-wrap\">\r\n                <input type=\"radio\" name=\"kalip_musteride\" value=\"Yes\"> Yes\r\n                <input type=\"radio\" name=\"kalip_musteride\" value=\"No\"> No\r\n            <\/span><\/label>                <label class=\"yesno\"><span>Mould available at our facility<\/span>\r\n            <span class=\"yn-wrap\">\r\n                <input type=\"radio\" name=\"kalip_bizde\" value=\"Yes\"> Yes\r\n                <input type=\"radio\" name=\"kalip_bizde\" value=\"No\"> No\r\n            <\/span><\/label>                <label class=\"yesno\"><span>New mould needs to be produced<\/span>\r\n            <span class=\"yn-wrap\">\r\n                <input type=\"radio\" name=\"kalip_yeni\" value=\"Yes\"> Yes\r\n                <input type=\"radio\" name=\"kalip_yeni\" value=\"No\"> No\r\n            <\/span><\/label>            <\/div>\r\n\r\n            <h3>3. Existing Mould Details (if available)<\/h3>\r\n            <div class=\"grid grid-3\">\r\n                <label>Mould width (mm)<input type=\"number\" step=\"0.01\" name=\"kalip_en\"><\/label>\r\n                <label>Mould length (mm)<input type=\"number\" step=\"0.01\" name=\"kalip_boy\"><\/label>\r\n                <label>Mould depth (mm)<input type=\"number\" step=\"0.01\" name=\"kalip_derinlik\"><\/label>\r\n                <label>Column distance (vertical, mm)<input type=\"number\" step=\"0.01\" name=\"kolon_dusey\"><\/label>\r\n                <label>Column distance (horizontal, mm)<input type=\"number\" step=\"0.01\" name=\"kolon_yatay\"><\/label>\r\n                <label>Mould bush diameter (mm)<input type=\"number\" step=\"0.01\" name=\"kovan_cap\"><\/label>\r\n            <\/div>\r\n\r\n            <h3>4. Product Information<\/h3>\r\n            <div class=\"grid\">\r\n                <div class=\"grid grid-2\">\r\n                    <label class=\"yesno\"><span>CAD \/ STEP \/ PDF drawing available?<\/span>\r\n            <span class=\"yn-wrap\">\r\n                <input type=\"radio\" name=\"cad_var\" value=\"Yes\"> Yes\r\n                <input type=\"radio\" name=\"cad_var\" value=\"No\"> No\r\n            <\/span><\/label>                    <label>File (PDF\/STEP\/STP) <input type=\"file\" name=\"cad_dosya\" accept=\".pdf,.step,.stp,.iges,.igs,.dxf,.dwg\"><\/label>\r\n                <\/div>\r\n                <div class=\"grid grid-3\">\r\n                    <label>Requested quantity (pcs)<input type=\"number\" name=\"talep_adet\" min=\"0\"><\/label>\r\n                    <label>Requested product weight (kg\/pcs)<input type=\"number\" step=\"0.001\" name=\"talep_agirlik\"><\/label>\r\n                    <label>Part weight (g)<input type=\"number\" step=\"0.01\" name=\"parca_gramaj\"><\/label>\r\n                <\/div>\r\n                <label>Product dimensions (W x L x H, mm)<input type=\"text\" name=\"urun_olculer\" placeholder=\"e.g. 120 x 80 x 45\"><\/label>\r\n                <div class=\"grid grid-2\">\r\n                    <label>Material type<input type=\"text\" name=\"malzeme\"><\/label>\r\n                    <label>Application area \/ Sector<input type=\"text\" name=\"sektor\"><\/label>\r\n                <\/div>\r\n            <\/div>\r\n\r\n            <h3>5. Technical Requirements<\/h3>\r\n            <div class=\"grid grid-3\">\r\n                <label class=\"yesno\"><span>Tolerance specified<\/span>\r\n            <span class=\"yn-wrap\">\r\n                <input type=\"radio\" name=\"tolerans\" value=\"Yes\"> Yes\r\n                <input type=\"radio\" name=\"tolerans\" value=\"No\"> No\r\n            <\/span><\/label>                <label>Surface treatment\r\n                    <select name=\"yuzey_islem\">\r\n                        <option value=\"\">Select<\/option>\r\n                        <option>Shot blasting<\/option>\r\n                        <option>Painting<\/option>\r\n                        <option>Anodizing<\/option>\r\n                        <option>Other<\/option>\r\n                    <\/select>\r\n                <\/label>\r\n                <div>\r\n                    <label class=\"yesno\"><span>Heat treatment required<\/span>\r\n            <span class=\"yn-wrap\">\r\n                <input type=\"radio\" name=\"isil_islem\" value=\"Yes\"> Yes\r\n                <input type=\"radio\" name=\"isil_islem\" value=\"No\"> No\r\n            <\/span><\/label>                    <input type=\"text\" name=\"isil_tipi\" placeholder=\"If any, type\">\r\n                <\/div>\r\n                <label class=\"yesno\"><span>Quality certificate<\/span>\r\n            <span class=\"yn-wrap\">\r\n                <input type=\"radio\" name=\"kalite_belgesi\" value=\"Yes\"> Yes\r\n                <input type=\"radio\" name=\"kalite_belgesi\" value=\"No\"> No\r\n            <\/span><\/label>                <label class=\"yesno\"><span>Measurement \/ Test report<\/span>\r\n            <span class=\"yn-wrap\">\r\n                <input type=\"radio\" name=\"olcum_raporu\" value=\"Yes\"> Yes\r\n                <input type=\"radio\" name=\"olcum_raporu\" value=\"No\"> No\r\n            <\/span><\/label>                <label class=\"yesno\"><span>Factory Acceptance Test (FAT)<\/span>\r\n            <span class=\"yn-wrap\">\r\n                <input type=\"radio\" name=\"fat\" value=\"Yes\"> Yes\r\n                <input type=\"radio\" name=\"fat\" value=\"No\"> No\r\n            <\/span><\/label>            <\/div>\r\n\r\n            <h3>6. Logistics & Delivery<\/h3>\r\n            <div class=\"grid\">\r\n                <label>Delivery place<input type=\"text\" name=\"teslim_yeri\"><\/label>\r\n                <div class=\"grid grid-3\">\r\n                    <label>Delivery term\r\n                        <select name=\"teslim_sekli\">\r\n                            <option value=\"\">Select<\/option>\r\n                            <option>Ex Works<\/option>\r\n                            <option>Delivered to address<\/option>\r\n                            <option>FOB<\/option>\r\n                            <option>CIF<\/option>\r\n                        <\/select>\r\n                    <\/label>\r\n                    <label>Delivery time<input type=\"text\" name=\"teslim_suresi\" placeholder=\"e.g. 3 weeks\"><\/label>\r\n                    <label>Order type\r\n                        <select name=\"siparis_tipi\">\r\n                            <option value=\"\">Select<\/option>\r\n                            <option>One-time<\/option>\r\n                            <option>Regular<\/option>\r\n                        <\/select>\r\n                    <\/label>\r\n                <\/div>\r\n            <\/div>\r\n\r\n            <h3>7. Pricing<\/h3>\r\n            <div class=\"grid grid-3\">\r\n                <label class=\"yesno\"><span>Expected price range specified?<\/span>\r\n            <span class=\"yn-wrap\">\r\n                <input type=\"radio\" name=\"fiyat_araligi\" value=\"Yes\"> Yes\r\n                <input type=\"radio\" name=\"fiyat_araligi\" value=\"No\"> No\r\n            <\/span><\/label>                <label>Payment terms\r\n                    <select name=\"odeme_sarti\">\r\n                        <option value=\"\">Select<\/option>\r\n                        <option>Advance<\/option>\r\n                        <option>On account<\/option>\r\n                        <option>Letter of credit<\/option>\r\n                    <\/select>\r\n                <\/label>\r\n                <label>Currency\r\n                    <select name=\"para_birimi\">\r\n                        <option value=\"\">Select<\/option>\r\n                        <option>TRY<\/option>\r\n                        <option>USD<\/option>\r\n                        <option>EUR<\/option>\r\n                    <\/select>\r\n                <\/label>\r\n            <\/div>\r\n\r\n            <button type=\"submit\" name=\"wins_teklif_submit\" class=\"wins-btn\">Send Quote Request<\/button>\r\n            <div id=\"wins-teklif-response\" tabindex=\"-1\" role=\"alert\" aria-live=\"assertive\" hidden><\/div>\r\n        <\/form>\r\n        <\/div>\n\t\t\t\t\t\t<\/div>\n\t\t\t\t\t<\/div>\n\t\t<\/div>\n\t\t\t\t\t<\/div>\n\t\t<\/section>\n\t\t\t\t<\/div>\n\t\t","protected":false},"excerpt":{"rendered":"<p>Home Fill out the form below and our engineering team will prepare your quote, including a technical selection table + price\/delivery date, within 24 hours.<\/p>\n","protected":false},"author":1,"featured_media":0,"parent":0,"menu_order":0,"comment_status":"closed","ping_status":"closed","template":"","meta":{"footnotes":""},"class_list":["post-794","page","type-page","status-publish","hentry"],"aioseo_notices":[],"_links":{"self":[{"href":"https:\/\/mtenerji.com.tr\/en\/wp-json\/wp\/v2\/pages\/794","targetHints":{"allow":["GET"]}}],"collection":[{"href":"https:\/\/mtenerji.com.tr\/en\/wp-json\/wp\/v2\/pages"}],"about":[{"href":"https:\/\/mtenerji.com.tr\/en\/wp-json\/wp\/v2\/types\/page"}],"author":[{"embeddable":true,"href":"https:\/\/mtenerji.com.tr\/en\/wp-json\/wp\/v2\/users\/1"}],"replies":[{"embeddable":true,"href":"https:\/\/mtenerji.com.tr\/en\/wp-json\/wp\/v2\/comments?post=794"}],"version-history":[{"count":3,"href":"https:\/\/mtenerji.com.tr\/en\/wp-json\/wp\/v2\/pages\/794\/revisions"}],"predecessor-version":[{"id":956,"href":"https:\/\/mtenerji.com.tr\/en\/wp-json\/wp\/v2\/pages\/794\/revisions\/956"}],"wp:attachment":[{"href":"https:\/\/mtenerji.com.tr\/en\/wp-json\/wp\/v2\/media?parent=794"}],"curies":[{"name":"wp","href":"https:\/\/api.w.org\/{rel}","templated":true}]}}